{"id":2668,"date":"2022-12-08T07:23:32","date_gmt":"2022-12-08T07:23:32","guid":{"rendered":"https:\/\/mthemeus.com\/demos\/wp\/masco\/?page_id=2668"},"modified":"2024-06-20T08:55:26","modified_gmt":"2024-06-20T06:55:26","slug":"about-us","status":"publish","type":"page","link":"https:\/\/lynatek.com\/index.php\/about-us\/","title":{"rendered":"About Us"},"content":{"rendered":"\t\t<div data-elementor-type=\"wp-page\" data-elementor-id=\"2668\" class=\"elementor elementor-2668\" data-elementor-post-type=\"page\">\n\t\t\t\t\t\t<section class=\"elementor-section elementor-top-section elementor-element elementor-element-d380496 elementor-section-boxed elementor-section-height-default elementor-section-height-default mas-addons-sticky-no\" data-id=\"d380496\" data-element_type=\"section\" data-settings=\"{&quot;background_background&quot;:&quot;classic&quot;,&quot;mas_addons_sticky&quot;:&quot;no&quot;}\">\n\t\t\t\t\t\t<div class=\"elementor-container elementor-column-gap-default\">\n\t\t\t\t\t<div class=\"elementor-column elementor-col-100 elementor-top-column elementor-element elementor-element-db4959e\" data-id=\"db4959e\" data-element_type=\"column\">\n\t\t\t<div class=\"elementor-widget-wrap elementor-element-populated\">\n\t\t\t\t\t\t<div class=\"elementor-element elementor-element-7678acf mas-addons-sticky-no elementor-widget elementor-widget-mas-addons-heading\" data-id=\"7678acf\" data-element_type=\"widget\" data-settings=\"{&quot;mas_addons_sticky&quot;:&quot;no&quot;}\" data-widget_type=\"mas-addons-heading.default\">\n\t\t\t\t<div class=\"elementor-widget-container\">\n\t\t\t<h2 class=\"mas-addons-heading-title show-line-no\">Lynatek<\/h2>\t\t<\/div>\n\t\t\t\t<\/div>\n\t\t\t\t<div class=\"elementor-element elementor-element-8bfc6c4 mas-addons-sticky-no elementor-widget elementor-widget-mas-addons-breadcrumb\" data-id=\"8bfc6c4\" data-element_type=\"widget\" data-settings=\"{&quot;mas_addons_sticky&quot;:&quot;no&quot;}\" data-widget_type=\"mas-addons-breadcrumb.default\">\n\t\t\t\t<div class=\"elementor-widget-container\">\n\t\t\t<ul class=\"mas-addons-breadcrumbs\"><li class=\"mas-addons-breadcrumbs-item mas-addons-breadcrumbs-start\"><a href=\"https:\/\/lynatek.com\/\" rel=\"home\"><span class=\"mas-addons-breadcrumbs-text\">Home<\/span><\/a><\/li><\/ul>\t\t<\/div>\n\t\t\t\t<\/div>\n\t\t\t\t\t<\/div>\n\t\t<\/div>\n\t\t\t\t\t<\/div>\n\t\t<\/section>\n\t\t\t\t<section class=\"elementor-section elementor-top-section elementor-element elementor-element-8f01764 elementor-section-boxed elementor-section-height-default elementor-section-height-default mas-addons-sticky-no\" data-id=\"8f01764\" data-element_type=\"section\" data-settings=\"{&quot;background_background&quot;:&quot;classic&quot;,&quot;mas_addons_sticky&quot;:&quot;no&quot;}\">\n\t\t\t\t\t\t<div class=\"elementor-container elementor-column-gap-default\">\n\t\t\t\t\t<div class=\"elementor-column elementor-col-50 elementor-top-column elementor-element elementor-element-2a166ad\" data-id=\"2a166ad\" data-element_type=\"column\">\n\t\t\t<div class=\"elementor-widget-wrap elementor-element-populated\">\n\t\t\t\t\t\t<div class=\"elementor-element elementor-element-097117b mas-addons-sticky-no elementor-widget elementor-widget-heading\" data-id=\"097117b\" data-element_type=\"widget\" data-settings=\"{&quot;mas_addons_sticky&quot;:&quot;no&quot;}\" data-widget_type=\"heading.default\">\n\t\t\t\t<div class=\"elementor-widget-container\">\n\t\t\t<style>\/*! elementor - v3.22.0 - 26-06-2024 *\/\n.elementor-heading-title{padding:0;margin:0;line-height:1}.elementor-widget-heading .elementor-heading-title[class*=elementor-size-]>a{color:inherit;font-size:inherit;line-height:inherit}.elementor-widget-heading .elementor-heading-title.elementor-size-small{font-size:15px}.elementor-widget-heading .elementor-heading-title.elementor-size-medium{font-size:19px}.elementor-widget-heading .elementor-heading-title.elementor-size-large{font-size:29px}.elementor-widget-heading .elementor-heading-title.elementor-size-xl{font-size:39px}.elementor-widget-heading .elementor-heading-title.elementor-size-xxl{font-size:59px}<\/style><h2 class=\"elementor-heading-title elementor-size-default\">Lynatek : Votre Partenaire Digital de Confiance<\/h2>\t\t<\/div>\n\t\t\t\t<\/div>\n\t\t\t\t<div class=\"elementor-element elementor-element-64bb108 mas-addons-sticky-no elementor-widget elementor-widget-text-editor\" data-id=\"64bb108\" data-element_type=\"widget\" data-settings=\"{&quot;mas_addons_sticky&quot;:&quot;no&quot;}\" data-widget_type=\"text-editor.default\">\n\t\t\t\t<div class=\"elementor-widget-container\">\n\t\t\t<style>\/*! elementor - v3.22.0 - 26-06-2024 *\/\n.elementor-widget-text-editor.elementor-drop-cap-view-stacked .elementor-drop-cap{background-color:#69727d;color:#fff}.elementor-widget-text-editor.elementor-drop-cap-view-framed .elementor-drop-cap{color:#69727d;border:3px solid;background-color:transparent}.elementor-widget-text-editor:not(.elementor-drop-cap-view-default) .elementor-drop-cap{margin-top:8px}.elementor-widget-text-editor:not(.elementor-drop-cap-view-default) .elementor-drop-cap-letter{width:1em;height:1em}.elementor-widget-text-editor .elementor-drop-cap{float:left;text-align:center;line-height:1;font-size:50px}.elementor-widget-text-editor .elementor-drop-cap-letter{display:inline-block}<\/style>\t\t\t\t<p>Chez Lynatek, nous croyons en la puissance de la technologie et de l&#8217;innovation pour transformer vos id\u00e9es en r\u00e9ussites digitales. Forts d&#8217;une expertise reconnue dans la conception de sites web, le SEO, le marketing digital et la maintenance de sites, nous accompagnons nos clients \u00e0 chaque \u00e9tape de leur projet num\u00e9rique. Notre engagement envers l&#8217;excellence et notre approche centr\u00e9e sur le client garantissent des solutions sur mesure, alliant performance et design intuitif. Avec Lynatek, chaque projet est une opportunit\u00e9 de croissance et de succ\u00e8s partag\u00e9.<\/p>\t\t\t\t\t\t<\/div>\n\t\t\t\t<\/div>\n\t\t\t\t\t<\/div>\n\t\t<\/div>\n\t\t\t\t<div class=\"elementor-column elementor-col-50 elementor-top-column elementor-element elementor-element-ba55f4e\" data-id=\"ba55f4e\" data-element_type=\"column\">\n\t\t\t<div class=\"elementor-widget-wrap elementor-element-populated\">\n\t\t\t\t\t\t<div class=\"elementor-element elementor-element-45fd859 mas-addons-sticky-no elementor-widget elementor-widget-image\" data-id=\"45fd859\" data-element_type=\"widget\" data-settings=\"{&quot;mas_addons_sticky&quot;:&quot;no&quot;}\" data-widget_type=\"image.default\">\n\t\t\t\t<div class=\"elementor-widget-container\">\n\t\t\t<style>\/*! elementor - v3.22.0 - 26-06-2024 *\/\n.elementor-widget-image{text-align:center}.elementor-widget-image a{display:inline-block}.elementor-widget-image a img[src$=\".svg\"]{width:48px}.elementor-widget-image img{vertical-align:middle;display:inline-block}<\/style>\t\t\t\t\t\t\t\t\t\t<img fetchpriority=\"high\" decoding=\"async\" width=\"1024\" height=\"585\" src=\"https:\/\/lynatek.com\/wp-content\/uploads\/2024\/06\/accueil-lynatek-1024x585.webp\" class=\"attachment-large size-large wp-image-9410\" alt=\"Salle de travail cr\u00e9ative chez Lynatek, agence projet web, avec des employ\u00e9s et des \u00e9l\u00e9ments aquatiques\" srcset=\"https:\/\/lynatek.com\/wp-content\/uploads\/2024\/06\/accueil-lynatek-1024x585.webp 1024w, https:\/\/lynatek.com\/wp-content\/uploads\/2024\/06\/accueil-lynatek-300x171.webp 300w, https:\/\/lynatek.com\/wp-content\/uploads\/2024\/06\/accueil-lynatek-768x439.webp 768w, https:\/\/lynatek.com\/wp-content\/uploads\/2024\/06\/accueil-lynatek-1536x878.webp 1536w, https:\/\/lynatek.com\/wp-content\/uploads\/2024\/06\/accueil-lynatek-492x281.webp 492w, https:\/\/lynatek.com\/wp-content\/uploads\/2024\/06\/accueil-lynatek.webp 1792w\" sizes=\"(max-width: 1024px) 100vw, 1024px\" \/>\t\t\t\t\t\t\t\t\t\t\t\t\t<\/div>\n\t\t\t\t<\/div>\n\t\t\t\t\t<\/div>\n\t\t<\/div>\n\t\t\t\t\t<\/div>\n\t\t<\/section>\n\t\t\t\t<\/div>\n\t\t","protected":false},"excerpt":{"rendered":"<p>Lynatek Home Lynatek : Votre Partenaire Digital de Confiance Chez Lynatek, nous croyons en la puissance de la technologie et de l&#8217;innovation pour transformer vos id\u00e9es en r\u00e9ussites digitales. Forts d&#8217;une expertise reconnue dans la conception de sites web, le SEO, le marketing digital et la maintenance de sites, nous accompagnons nos clients \u00e0 chaque [&hellip;]<\/p>\n","protected":false},"author":1,"featured_media":0,"parent":0,"menu_order":0,"comment_status":"closed","ping_status":"closed","template":"elementor_header_footer","meta":{"inline_featured_image":false,"footnotes":""},"class_list":["post-2668","page","type-page","status-publish","hentry"],"acf":[],"yoast_head":"<!-- This site is optimized with the Yoast SEO plugin v23.0 - https:\/\/yoast.com\/wordpress\/plugins\/seo\/ -->\n<title>About Us - Lynatek<\/title>\n<meta name=\"robots\" content=\"index, follow, max-snippet:-1, max-image-preview:large, max-video-preview:-1\" \/>\n<link rel=\"canonical\" href=\"https:\/\/lynatek.com\/index.php\/about-us\/\" \/>\n<meta property=\"og:locale\" content=\"fr_FR\" \/>\n<meta property=\"og:type\" content=\"article\" \/>\n<meta property=\"og:title\" content=\"About Us - Lynatek\" \/>\n<meta property=\"og:description\" content=\"Lynatek Home Lynatek : Votre Partenaire Digital de Confiance Chez Lynatek, nous croyons en la puissance de la technologie et de l&#8217;innovation pour transformer vos id\u00e9es en r\u00e9ussites digitales. Forts d&#8217;une expertise reconnue dans la conception de sites web, le SEO, le marketing digital et la maintenance de sites, nous accompagnons nos clients \u00e0 chaque [&hellip;]\" \/>\n<meta property=\"og:url\" content=\"https:\/\/lynatek.com\/index.php\/about-us\/\" \/>\n<meta property=\"og:site_name\" content=\"Lynatek\" \/>\n<meta property=\"article:modified_time\" content=\"2024-06-20T06:55:26+00:00\" \/>\n<meta property=\"og:image\" content=\"https:\/\/lynatek.com\/wp-content\/uploads\/2024\/06\/accueil-lynatek-1024x585.webp\" \/>\n<meta name=\"twitter:card\" content=\"summary_large_image\" \/>\n<meta name=\"twitter:label1\" content=\"Dur\u00e9e de lecture estim\u00e9e\" \/>\n\t<meta name=\"twitter:data1\" content=\"1 minute\" \/>\n<script type=\"application\/ld+json\" class=\"yoast-schema-graph\">{\"@context\":\"https:\/\/schema.org\",\"@graph\":[{\"@type\":\"WebPage\",\"@id\":\"https:\/\/lynatek.com\/index.php\/about-us\/\",\"url\":\"https:\/\/lynatek.com\/index.php\/about-us\/\",\"name\":\"About Us - Lynatek\",\"isPartOf\":{\"@id\":\"https:\/\/lynatek.com\/#website\"},\"primaryImageOfPage\":{\"@id\":\"https:\/\/lynatek.com\/index.php\/about-us\/#primaryimage\"},\"image\":{\"@id\":\"https:\/\/lynatek.com\/index.php\/about-us\/#primaryimage\"},\"thumbnailUrl\":\"https:\/\/lynatek.com\/wp-content\/uploads\/2024\/06\/accueil-lynatek-1024x585.webp\",\"datePublished\":\"2022-12-08T07:23:32+00:00\",\"dateModified\":\"2024-06-20T06:55:26+00:00\",\"breadcrumb\":{\"@id\":\"https:\/\/lynatek.com\/index.php\/about-us\/#breadcrumb\"},\"inLanguage\":\"fr-FR\",\"potentialAction\":[{\"@type\":\"ReadAction\",\"target\":[\"https:\/\/lynatek.com\/index.php\/about-us\/\"]}]},{\"@type\":\"ImageObject\",\"inLanguage\":\"fr-FR\",\"@id\":\"https:\/\/lynatek.com\/index.php\/about-us\/#primaryimage\",\"url\":\"https:\/\/lynatek.com\/wp-content\/uploads\/2024\/06\/accueil-lynatek.webp\",\"contentUrl\":\"https:\/\/lynatek.com\/wp-content\/uploads\/2024\/06\/accueil-lynatek.webp\",\"width\":1792,\"height\":1024,\"caption\":\"Salle de travail immersive de Lynatek, agence projet web, repr\u00e9sentant un environnement cr\u00e9atif avec des employ\u00e9s et des \u00e9l\u00e9ments aquatiques\"},{\"@type\":\"BreadcrumbList\",\"@id\":\"https:\/\/lynatek.com\/index.php\/about-us\/#breadcrumb\",\"itemListElement\":[{\"@type\":\"ListItem\",\"position\":1,\"name\":\"Accueil\",\"item\":\"https:\/\/lynatek.com\/\"},{\"@type\":\"ListItem\",\"position\":2,\"name\":\"About Us\"}]},{\"@type\":\"WebSite\",\"@id\":\"https:\/\/lynatek.com\/#website\",\"url\":\"https:\/\/lynatek.com\/\",\"name\":\"Lynatek\",\"description\":\"\",\"publisher\":{\"@id\":\"https:\/\/lynatek.com\/#organization\"},\"potentialAction\":[{\"@type\":\"SearchAction\",\"target\":{\"@type\":\"EntryPoint\",\"urlTemplate\":\"https:\/\/lynatek.com\/?s={search_term_string}\"},\"query-input\":\"required name=search_term_string\"}],\"inLanguage\":\"fr-FR\"},{\"@type\":\"Organization\",\"@id\":\"https:\/\/lynatek.com\/#organization\",\"name\":\"Lynatek\",\"url\":\"https:\/\/lynatek.com\/\",\"logo\":{\"@type\":\"ImageObject\",\"inLanguage\":\"fr-FR\",\"@id\":\"https:\/\/lynatek.com\/#\/schema\/logo\/image\/\",\"url\":\"https:\/\/lynatek.com\/wp-content\/uploads\/2023\/10\/logo.png\",\"contentUrl\":\"https:\/\/lynatek.com\/wp-content\/uploads\/2023\/10\/logo.png\",\"width\":459,\"height\":454,\"caption\":\"Lynatek\"},\"image\":{\"@id\":\"https:\/\/lynatek.com\/#\/schema\/logo\/image\/\"}}]}<\/script>\n<!-- \/ Yoast SEO plugin. -->","yoast_head_json":{"title":"About Us - Lynatek","robots":{"index":"index","follow":"follow","max-snippet":"max-snippet:-1","max-image-preview":"max-image-preview:large","max-video-preview":"max-video-preview:-1"},"canonical":"https:\/\/lynatek.com\/index.php\/about-us\/","og_locale":"fr_FR","og_type":"article","og_title":"About Us - Lynatek","og_description":"Lynatek Home Lynatek : Votre Partenaire Digital de Confiance Chez Lynatek, nous croyons en la puissance de la technologie et de l&#8217;innovation pour transformer vos id\u00e9es en r\u00e9ussites digitales. Forts d&#8217;une expertise reconnue dans la conception de sites web, le SEO, le marketing digital et la maintenance de sites, nous accompagnons nos clients \u00e0 chaque [&hellip;]","og_url":"https:\/\/lynatek.com\/index.php\/about-us\/","og_site_name":"Lynatek","article_modified_time":"2024-06-20T06:55:26+00:00","og_image":[{"url":"https:\/\/lynatek.com\/wp-content\/uploads\/2024\/06\/accueil-lynatek-1024x585.webp"}],"twitter_card":"summary_large_image","twitter_misc":{"Dur\u00e9e de lecture estim\u00e9e":"1 minute"},"schema":{"@context":"https:\/\/schema.org","@graph":[{"@type":"WebPage","@id":"https:\/\/lynatek.com\/index.php\/about-us\/","url":"https:\/\/lynatek.com\/index.php\/about-us\/","name":"About Us - Lynatek","isPartOf":{"@id":"https:\/\/lynatek.com\/#website"},"primaryImageOfPage":{"@id":"https:\/\/lynatek.com\/index.php\/about-us\/#primaryimage"},"image":{"@id":"https:\/\/lynatek.com\/index.php\/about-us\/#primaryimage"},"thumbnailUrl":"https:\/\/lynatek.com\/wp-content\/uploads\/2024\/06\/accueil-lynatek-1024x585.webp","datePublished":"2022-12-08T07:23:32+00:00","dateModified":"2024-06-20T06:55:26+00:00","breadcrumb":{"@id":"https:\/\/lynatek.com\/index.php\/about-us\/#breadcrumb"},"inLanguage":"fr-FR","potentialAction":[{"@type":"ReadAction","target":["https:\/\/lynatek.com\/index.php\/about-us\/"]}]},{"@type":"ImageObject","inLanguage":"fr-FR","@id":"https:\/\/lynatek.com\/index.php\/about-us\/#primaryimage","url":"https:\/\/lynatek.com\/wp-content\/uploads\/2024\/06\/accueil-lynatek.webp","contentUrl":"https:\/\/lynatek.com\/wp-content\/uploads\/2024\/06\/accueil-lynatek.webp","width":1792,"height":1024,"caption":"Salle de travail immersive de Lynatek, agence projet web, repr\u00e9sentant un environnement cr\u00e9atif avec des employ\u00e9s et des \u00e9l\u00e9ments aquatiques"},{"@type":"BreadcrumbList","@id":"https:\/\/lynatek.com\/index.php\/about-us\/#breadcrumb","itemListElement":[{"@type":"ListItem","position":1,"name":"Accueil","item":"https:\/\/lynatek.com\/"},{"@type":"ListItem","position":2,"name":"About Us"}]},{"@type":"WebSite","@id":"https:\/\/lynatek.com\/#website","url":"https:\/\/lynatek.com\/","name":"Lynatek","description":"","publisher":{"@id":"https:\/\/lynatek.com\/#organization"},"potentialAction":[{"@type":"SearchAction","target":{"@type":"EntryPoint","urlTemplate":"https:\/\/lynatek.com\/?s={search_term_string}"},"query-input":"required name=search_term_string"}],"inLanguage":"fr-FR"},{"@type":"Organization","@id":"https:\/\/lynatek.com\/#organization","name":"Lynatek","url":"https:\/\/lynatek.com\/","logo":{"@type":"ImageObject","inLanguage":"fr-FR","@id":"https:\/\/lynatek.com\/#\/schema\/logo\/image\/","url":"https:\/\/lynatek.com\/wp-content\/uploads\/2023\/10\/logo.png","contentUrl":"https:\/\/lynatek.com\/wp-content\/uploads\/2023\/10\/logo.png","width":459,"height":454,"caption":"Lynatek"},"image":{"@id":"https:\/\/lynatek.com\/#\/schema\/logo\/image\/"}}]}},"_links":{"self":[{"href":"https:\/\/lynatek.com\/index.php\/wp-json\/wp\/v2\/pages\/2668","targetHints":{"allow":["GET"]}}],"collection":[{"href":"https:\/\/lynatek.com\/index.php\/wp-json\/wp\/v2\/pages"}],"about":[{"href":"https:\/\/lynatek.com\/index.php\/wp-json\/wp\/v2\/types\/page"}],"author":[{"embeddable":true,"href":"https:\/\/lynatek.com\/index.php\/wp-json\/wp\/v2\/users\/1"}],"replies":[{"embeddable":true,"href":"https:\/\/lynatek.com\/index.php\/wp-json\/wp\/v2\/comments?post=2668"}],"version-history":[{"count":4,"href":"https:\/\/lynatek.com\/index.php\/wp-json\/wp\/v2\/pages\/2668\/revisions"}],"predecessor-version":[{"id":9525,"href":"https:\/\/lynatek.com\/index.php\/wp-json\/wp\/v2\/pages\/2668\/revisions\/9525"}],"wp:attachment":[{"href":"https:\/\/lynatek.com\/index.php\/wp-json\/wp\/v2\/media?parent=2668"}],"curies":[{"name":"wp","href":"https:\/\/api.w.org\/{rel}","templated":true}]}}