{"id":3234,"date":"2022-12-11T08:15:05","date_gmt":"2022-12-11T08:15:05","guid":{"rendered":"https:\/\/mthemeus.com\/demos\/wp\/masco\/?page_id=3234"},"modified":"2023-10-05T16:36:53","modified_gmt":"2023-10-05T14:36:53","slug":"portfolio","status":"publish","type":"page","link":"https:\/\/lynatek.com\/index.php\/portfolio\/","title":{"rendered":"Portfolio"},"content":{"rendered":"\t\t<div data-elementor-type=\"wp-page\" data-elementor-id=\"3234\" class=\"elementor elementor-3234\" data-elementor-post-type=\"page\">\n\t\t\t\t\t\t<section class=\"elementor-section elementor-top-section elementor-element elementor-element-9b64c8f elementor-section-boxed elementor-section-height-default elementor-section-height-default mas-addons-sticky-no\" data-id=\"9b64c8f\" data-element_type=\"section\" data-settings=\"{&quot;background_background&quot;:&quot;classic&quot;,&quot;mas_addons_sticky&quot;:&quot;no&quot;}\">\n\t\t\t\t\t\t<div class=\"elementor-container elementor-column-gap-default\">\n\t\t\t\t\t<div class=\"elementor-column elementor-col-100 elementor-top-column elementor-element elementor-element-0841f7d\" data-id=\"0841f7d\" data-element_type=\"column\">\n\t\t\t<div class=\"elementor-widget-wrap elementor-element-populated\">\n\t\t\t\t\t\t<div class=\"elementor-element elementor-element-25abcb6 mas-addons-sticky-no elementor-widget elementor-widget-mas-addons-heading\" data-id=\"25abcb6\" data-element_type=\"widget\" data-settings=\"{&quot;mas_addons_sticky&quot;:&quot;no&quot;}\" data-widget_type=\"mas-addons-heading.default\">\n\t\t\t\t<div class=\"elementor-widget-container\">\n\t\t\t<h2 class=\"mas-addons-heading-title show-line-no\">Portfolio Classic Masonry <\/h2>\t\t<\/div>\n\t\t\t\t<\/div>\n\t\t\t\t<div class=\"elementor-element elementor-element-d66df3f mas-addons-sticky-no elementor-widget elementor-widget-mas-addons-breadcrumb\" data-id=\"d66df3f\" data-element_type=\"widget\" data-settings=\"{&quot;mas_addons_sticky&quot;:&quot;no&quot;}\" data-widget_type=\"mas-addons-breadcrumb.default\">\n\t\t\t\t<div class=\"elementor-widget-container\">\n\t\t\t<ul class=\"mas-addons-breadcrumbs\"><li class=\"mas-addons-breadcrumbs-item mas-addons-breadcrumbs-start\"><a href=\"https:\/\/lynatek.com\/\" rel=\"home\"><span class=\"mas-addons-breadcrumbs-text\">Home<\/span><\/a><\/li><\/ul>\t\t<\/div>\n\t\t\t\t<\/div>\n\t\t\t\t\t<\/div>\n\t\t<\/div>\n\t\t\t\t\t<\/div>\n\t\t<\/section>\n\t\t\t\t<section class=\"elementor-section elementor-top-section elementor-element elementor-element-616032f elementor-section-boxed elementor-section-height-default elementor-section-height-default mas-addons-sticky-no\" data-id=\"616032f\" data-element_type=\"section\" data-settings=\"{&quot;mas_addons_sticky&quot;:&quot;no&quot;}\">\n\t\t\t\t\t\t<div class=\"elementor-container elementor-column-gap-default\">\n\t\t\t\t\t<div class=\"elementor-column elementor-col-100 elementor-top-column elementor-element elementor-element-7dd9b1a\" data-id=\"7dd9b1a\" data-element_type=\"column\">\n\t\t\t<div class=\"elementor-widget-wrap elementor-element-populated\">\n\t\t\t\t\t\t<div class=\"elementor-element elementor-element-eedba7e mas-addons-sticky-no elementor-widget elementor-widget-masco-portfolio\" data-id=\"eedba7e\" data-element_type=\"widget\" data-settings=\"{&quot;mas_addons_sticky&quot;:&quot;no&quot;}\" data-widget_type=\"masco-portfolio.default\">\n\t\t\t\t<div class=\"elementor-widget-container\">\n\t\t\t                <div class=\"hello\">\n                    <div class=\"row\">\n                        <div class=\"col-12\">\n                            <ul class=\"pf-isotope-nav style-two text-left\"> \n\n                                                                    <li data-filter=\"*\" class=\"active\">Show All<\/li>\n                                \n                                                                            <li data-filter=\".branding\">\n                 \n                                                Branding                                            \n                                            <\/li>\n                                                                                    <li data-filter=\".commercial\">\n                 \n                                                Commercial                                            \n                                            <\/li>\n                                                                                    <li data-filter=\".digital-art\">\n                 \n                                                Digital Art                                            \n                                            <\/li>\n                                                                                    <li data-filter=\".marketing\">\n                 \n                                                Marketing                                            \n                                            <\/li>\n                                                                                    <li data-filter=\".site-e-commerce\">\n                 \n                                                Site e-commerce                                            \n                                            <\/li>\n                                                                                    <li data-filter=\".ui-ux-design\">\n                 \n                                                UI\/UX Design                                            \n                                            <\/li>\n                                                                                    <li data-filter=\".website\">\n                 \n                                                Website                                            \n                                            <\/li>\n                                                                    <\/ul>\n                        <\/div>\n                    <\/div>\n                <\/div>\n                        <div class=\"row masco-portfolio-wrap layout-mode-normal no enable-filter-yes\">\n                    \n\n    <div id=\"post-744\" class=\"masco-portfolio-item-wrap col-md-6 ui-ux-design  height-normal\">\n        <a href=\"https:\/\/lynatek.com\/index.php\/portfolio\/app-the-power-of-communication\/\" class=\"masco-portfolio-item style-two \">\n            <div class=\"masco-portfolio-image d-block elementor-animation-\">\n                <img fetchpriority=\"high\" decoding=\"async\" width=\"1234\" height=\"900\" src=\"https:\/\/lynatek.com\/wp-content\/uploads\/2022\/11\/Design-amazone-closing-min.jpeg\" class=\"attachment-post-thumbnail size-post-thumbnail wp-post-image\" alt=\"\" srcset=\"https:\/\/lynatek.com\/wp-content\/uploads\/2022\/11\/Design-amazone-closing-min.jpeg 1234w, https:\/\/lynatek.com\/wp-content\/uploads\/2022\/11\/Design-amazone-closing-min-300x219.jpeg 300w, https:\/\/lynatek.com\/wp-content\/uploads\/2022\/11\/Design-amazone-closing-min-1024x747.jpeg 1024w, https:\/\/lynatek.com\/wp-content\/uploads\/2022\/11\/Design-amazone-closing-min-768x560.jpeg 768w, https:\/\/lynatek.com\/wp-content\/uploads\/2022\/11\/Design-amazone-closing-min-492x359.jpeg 492w\" sizes=\"(max-width: 1234px) 100vw, 1234px\" \/>            <\/div>\n            <div class=\"masco-portfolio-content content-postion-on-image\">\n                                            <div class=\"masco-portfolio-title\">\n                            <h3>\n                                Projet de R\u00e9f\u00e9rencement Naturel et S\u00e9curit\u00e9 avec Amazones Closing                            <\/h3>\n                        <\/div>\n                                        <span class=\"masco-pf-category\">UI\/UX Design<\/span>\n                                   \n            <\/div>\n       <\/a>\n    <\/div>\n<!-- #post-744 -->\n    \n\n    <div id=\"post-747\" class=\"masco-portfolio-item-wrap col-md-6 site-e-commerce  height-normal\">\n        <a href=\"https:\/\/lynatek.com\/index.php\/portfolio\/website-the-future-lifestyle-platform\/\" class=\"masco-portfolio-item style-two \">\n            <div class=\"masco-portfolio-image d-block elementor-animation-\">\n                <img decoding=\"async\" width=\"1234\" height=\"900\" src=\"https:\/\/lynatek.com\/wp-content\/uploads\/2022\/11\/Design-sans-titre.png\" class=\"attachment-post-thumbnail size-post-thumbnail wp-post-image\" alt=\"\" srcset=\"https:\/\/lynatek.com\/wp-content\/uploads\/2022\/11\/Design-sans-titre.png 1234w, https:\/\/lynatek.com\/wp-content\/uploads\/2022\/11\/Design-sans-titre-300x219.png 300w, https:\/\/lynatek.com\/wp-content\/uploads\/2022\/11\/Design-sans-titre-1024x747.png 1024w, https:\/\/lynatek.com\/wp-content\/uploads\/2022\/11\/Design-sans-titre-768x560.png 768w, https:\/\/lynatek.com\/wp-content\/uploads\/2022\/11\/Design-sans-titre-492x359.png 492w\" sizes=\"(max-width: 1234px) 100vw, 1234px\" \/>            <\/div>\n            <div class=\"masco-portfolio-content content-postion-on-image\">\n                                            <div class=\"masco-portfolio-title\">\n                            <h3>\n                                Transformation Digitale de Comoe Art                            <\/h3>\n                        <\/div>\n                                        <span class=\"masco-pf-category\">Site e-commerce<\/span>\n                                   \n            <\/div>\n       <\/a>\n    <\/div>\n<!-- #post-747 -->\n    \n\n    <div id=\"post-3155\" class=\"masco-portfolio-item-wrap col-md-6 marketing  height-normal\">\n        <a href=\"https:\/\/lynatek.com\/index.php\/portfolio\/campaign-provision-of-information\/\" class=\"masco-portfolio-item style-two \">\n            <div class=\"masco-portfolio-image d-block elementor-animation-\">\n                <img decoding=\"async\" width=\"1234\" height=\"900\" src=\"https:\/\/lynatek.com\/wp-content\/uploads\/2022\/11\/p_3.png\" class=\"attachment-post-thumbnail size-post-thumbnail wp-post-image\" alt=\"\" srcset=\"https:\/\/lynatek.com\/wp-content\/uploads\/2022\/11\/p_3.png 1234w, https:\/\/lynatek.com\/wp-content\/uploads\/2022\/11\/p_3-300x219.png 300w, https:\/\/lynatek.com\/wp-content\/uploads\/2022\/11\/p_3-1024x747.png 1024w, https:\/\/lynatek.com\/wp-content\/uploads\/2022\/11\/p_3-768x560.png 768w, https:\/\/lynatek.com\/wp-content\/uploads\/2022\/11\/p_3-492x359.png 492w\" sizes=\"(max-width: 1234px) 100vw, 1234px\" \/>            <\/div>\n            <div class=\"masco-portfolio-content content-postion-on-image\">\n                                            <div class=\"masco-portfolio-title\">\n                            <h3>\n                                Campaign \u2014 Provision of  information                            <\/h3>\n                        <\/div>\n                                        <span class=\"masco-pf-category\">Marketing<\/span>\n                                   \n            <\/div>\n       <\/a>\n    <\/div>\n<!-- #post-3155 -->\n    \n\n    <div id=\"post-3160\" class=\"masco-portfolio-item-wrap col-md-6 commercial  height-normal\">\n        <a href=\"https:\/\/lynatek.com\/index.php\/portfolio\/journal-asset-in-business\/\" class=\"masco-portfolio-item style-two \">\n            <div class=\"masco-portfolio-image d-block elementor-animation-\">\n                <img loading=\"lazy\" decoding=\"async\" width=\"1234\" height=\"900\" src=\"https:\/\/lynatek.com\/wp-content\/uploads\/2022\/11\/p_4.png\" class=\"attachment-post-thumbnail size-post-thumbnail wp-post-image\" alt=\"\" srcset=\"https:\/\/lynatek.com\/wp-content\/uploads\/2022\/11\/p_4.png 1234w, https:\/\/lynatek.com\/wp-content\/uploads\/2022\/11\/p_4-300x219.png 300w, https:\/\/lynatek.com\/wp-content\/uploads\/2022\/11\/p_4-1024x747.png 1024w, https:\/\/lynatek.com\/wp-content\/uploads\/2022\/11\/p_4-768x560.png 768w, https:\/\/lynatek.com\/wp-content\/uploads\/2022\/11\/p_4-492x359.png 492w\" sizes=\"(max-width: 1234px) 100vw, 1234px\" \/>            <\/div>\n            <div class=\"masco-portfolio-content content-postion-on-image\">\n                                            <div class=\"masco-portfolio-title\">\n                            <h3>\n                                Journal \u2014 Asset in business                            <\/h3>\n                        <\/div>\n                                        <span class=\"masco-pf-category\">Commercial<\/span>\n                                   \n            <\/div>\n       <\/a>\n    <\/div>\n<!-- #post-3160 -->\n    \n\n    <div id=\"post-3163\" class=\"masco-portfolio-item-wrap col-md-6 ui-ux-design website  height-normal\">\n        <a href=\"https:\/\/lynatek.com\/index.php\/portfolio\/book-design-of-the-year\/\" class=\"masco-portfolio-item style-two \">\n            <div class=\"masco-portfolio-image d-block elementor-animation-\">\n                <img loading=\"lazy\" decoding=\"async\" width=\"1234\" height=\"900\" src=\"https:\/\/lynatek.com\/wp-content\/uploads\/2022\/11\/p_5.png\" class=\"attachment-post-thumbnail size-post-thumbnail wp-post-image\" alt=\"\" srcset=\"https:\/\/lynatek.com\/wp-content\/uploads\/2022\/11\/p_5.png 1234w, https:\/\/lynatek.com\/wp-content\/uploads\/2022\/11\/p_5-300x219.png 300w, https:\/\/lynatek.com\/wp-content\/uploads\/2022\/11\/p_5-1024x747.png 1024w, https:\/\/lynatek.com\/wp-content\/uploads\/2022\/11\/p_5-768x560.png 768w, https:\/\/lynatek.com\/wp-content\/uploads\/2022\/11\/p_5-492x359.png 492w\" sizes=\"(max-width: 1234px) 100vw, 1234px\" \/>            <\/div>\n            <div class=\"masco-portfolio-content content-postion-on-image\">\n                                            <div class=\"masco-portfolio-title\">\n                            <h3>\n                                Book \u2014 Design of the year                            <\/h3>\n                        <\/div>\n                                        <span class=\"masco-pf-category\">UI\/UX Design<\/span>\n                                   \n            <\/div>\n       <\/a>\n    <\/div>\n<!-- #post-3163 -->\n    \n\n    <div id=\"post-3168\" class=\"masco-portfolio-item-wrap col-md-6 branding digital-art  height-normal\">\n        <a href=\"https:\/\/lynatek.com\/index.php\/portfolio\/strategic-ways-to-level-up-your-brand\/\" class=\"masco-portfolio-item style-two \">\n            <div class=\"masco-portfolio-image d-block elementor-animation-\">\n                <img loading=\"lazy\" decoding=\"async\" width=\"1234\" height=\"900\" src=\"https:\/\/lynatek.com\/wp-content\/uploads\/2022\/11\/p_6.png\" class=\"attachment-post-thumbnail size-post-thumbnail wp-post-image\" alt=\"\" srcset=\"https:\/\/lynatek.com\/wp-content\/uploads\/2022\/11\/p_6.png 1234w, https:\/\/lynatek.com\/wp-content\/uploads\/2022\/11\/p_6-300x219.png 300w, https:\/\/lynatek.com\/wp-content\/uploads\/2022\/11\/p_6-1024x747.png 1024w, https:\/\/lynatek.com\/wp-content\/uploads\/2022\/11\/p_6-768x560.png 768w, https:\/\/lynatek.com\/wp-content\/uploads\/2022\/11\/p_6-492x359.png 492w\" sizes=\"(max-width: 1234px) 100vw, 1234px\" \/>            <\/div>\n            <div class=\"masco-portfolio-content content-postion-on-image\">\n                                            <div class=\"masco-portfolio-title\">\n                            <h3>\n                                Strategic \u2014 Ways to level up your brand                            <\/h3>\n                        <\/div>\n                                        <span class=\"masco-pf-category\">Branding<\/span>\n                                   \n            <\/div>\n       <\/a>\n    <\/div>\n<!-- #post-3168 -->\n            <\/div>\n\n            \n\n                    \t\t<\/div>\n\t\t\t\t<\/div>\n\t\t\t\t\t<\/div>\n\t\t<\/div>\n\t\t\t\t\t<\/div>\n\t\t<\/section>\n\t\t\t\t<\/div>\n\t\t","protected":false},"excerpt":{"rendered":"<p>Portfolio Classic Masonry Home Show All Branding Commercial Digital Art Marketing UI\/UX Design Website App \u2014 The power of communication UI\/UX Design Website \u2014 The future lifestyle platform. Branding Campaign \u2014 Provision of information Marketing Journal \u2014 Asset in business Commercial Book \u2014 Design of the year UI\/UX Design Strategic \u2014 Ways to level up [&hellip;]<\/p>\n","protected":false},"author":1,"featured_media":0,"parent":0,"menu_order":0,"comment_status":"closed","ping_status":"closed","template":"elementor_header_footer","meta":{"inline_featured_image":false,"footnotes":""},"class_list":["post-3234","page","type-page","status-publish","hentry"],"acf":[],"yoast_head":"<!-- This site is optimized with the Yoast SEO plugin v23.0 - https:\/\/yoast.com\/wordpress\/plugins\/seo\/ -->\n<title>Portfolio - Lynatek<\/title>\n<meta name=\"robots\" content=\"index, follow, max-snippet:-1, max-image-preview:large, max-video-preview:-1\" \/>\n<link rel=\"canonical\" href=\"https:\/\/lynatek.com\/index.php\/portfolio\/\" \/>\n<meta property=\"og:locale\" content=\"fr_FR\" \/>\n<meta property=\"og:type\" content=\"article\" \/>\n<meta property=\"og:title\" content=\"Portfolio - Lynatek\" \/>\n<meta property=\"og:description\" content=\"Portfolio Classic Masonry Home Show All Branding Commercial Digital Art Marketing UI\/UX Design Website App \u2014 The power of communication UI\/UX Design Website \u2014 The future lifestyle platform. Branding Campaign \u2014 Provision of information Marketing Journal \u2014 Asset in business Commercial Book \u2014 Design of the year UI\/UX Design Strategic \u2014 Ways to level up [&hellip;]\" \/>\n<meta property=\"og:url\" content=\"https:\/\/lynatek.com\/index.php\/portfolio\/\" \/>\n<meta property=\"og:site_name\" content=\"Lynatek\" \/>\n<meta property=\"article:modified_time\" content=\"2023-10-05T14:36:53+00:00\" \/>\n<meta property=\"og:image\" content=\"http:\/\/51.68.231.63\/wp-content\/uploads\/2022\/11\/p_1.png\" \/>\n<meta name=\"twitter:card\" content=\"summary_large_image\" \/>\n<script type=\"application\/ld+json\" class=\"yoast-schema-graph\">{\"@context\":\"https:\/\/schema.org\",\"@graph\":[{\"@type\":\"WebPage\",\"@id\":\"https:\/\/lynatek.com\/index.php\/portfolio\/\",\"url\":\"https:\/\/lynatek.com\/index.php\/portfolio\/\",\"name\":\"Portfolio - Lynatek\",\"isPartOf\":{\"@id\":\"https:\/\/lynatek.com\/#website\"},\"primaryImageOfPage\":{\"@id\":\"https:\/\/lynatek.com\/index.php\/portfolio\/#primaryimage\"},\"image\":{\"@id\":\"https:\/\/lynatek.com\/index.php\/portfolio\/#primaryimage\"},\"thumbnailUrl\":\"http:\/\/51.68.231.63\/wp-content\/uploads\/2022\/11\/p_1.png\",\"datePublished\":\"2022-12-11T08:15:05+00:00\",\"dateModified\":\"2023-10-05T14:36:53+00:00\",\"breadcrumb\":{\"@id\":\"https:\/\/lynatek.com\/index.php\/portfolio\/#breadcrumb\"},\"inLanguage\":\"fr-FR\",\"potentialAction\":[{\"@type\":\"ReadAction\",\"target\":[\"https:\/\/lynatek.com\/index.php\/portfolio\/\"]}]},{\"@type\":\"ImageObject\",\"inLanguage\":\"fr-FR\",\"@id\":\"https:\/\/lynatek.com\/index.php\/portfolio\/#primaryimage\",\"url\":\"http:\/\/51.68.231.63\/wp-content\/uploads\/2022\/11\/p_1.png\",\"contentUrl\":\"http:\/\/51.68.231.63\/wp-content\/uploads\/2022\/11\/p_1.png\"},{\"@type\":\"BreadcrumbList\",\"@id\":\"https:\/\/lynatek.com\/index.php\/portfolio\/#breadcrumb\",\"itemListElement\":[{\"@type\":\"ListItem\",\"position\":1,\"name\":\"Accueil\",\"item\":\"https:\/\/lynatek.com\/\"},{\"@type\":\"ListItem\",\"position\":2,\"name\":\"Portfolio\"}]},{\"@type\":\"WebSite\",\"@id\":\"https:\/\/lynatek.com\/#website\",\"url\":\"https:\/\/lynatek.com\/\",\"name\":\"Lynatek\",\"description\":\"\",\"publisher\":{\"@id\":\"https:\/\/lynatek.com\/#organization\"},\"potentialAction\":[{\"@type\":\"SearchAction\",\"target\":{\"@type\":\"EntryPoint\",\"urlTemplate\":\"https:\/\/lynatek.com\/?s={search_term_string}\"},\"query-input\":\"required name=search_term_string\"}],\"inLanguage\":\"fr-FR\"},{\"@type\":\"Organization\",\"@id\":\"https:\/\/lynatek.com\/#organization\",\"name\":\"Lynatek\",\"url\":\"https:\/\/lynatek.com\/\",\"logo\":{\"@type\":\"ImageObject\",\"inLanguage\":\"fr-FR\",\"@id\":\"https:\/\/lynatek.com\/#\/schema\/logo\/image\/\",\"url\":\"https:\/\/lynatek.com\/wp-content\/uploads\/2023\/10\/logo.png\",\"contentUrl\":\"https:\/\/lynatek.com\/wp-content\/uploads\/2023\/10\/logo.png\",\"width\":459,\"height\":454,\"caption\":\"Lynatek\"},\"image\":{\"@id\":\"https:\/\/lynatek.com\/#\/schema\/logo\/image\/\"}}]}<\/script>\n<!-- \/ Yoast SEO plugin. -->","yoast_head_json":{"title":"Portfolio - Lynatek","robots":{"index":"index","follow":"follow","max-snippet":"max-snippet:-1","max-image-preview":"max-image-preview:large","max-video-preview":"max-video-preview:-1"},"canonical":"https:\/\/lynatek.com\/index.php\/portfolio\/","og_locale":"fr_FR","og_type":"article","og_title":"Portfolio - Lynatek","og_description":"Portfolio Classic Masonry Home Show All Branding Commercial Digital Art Marketing UI\/UX Design Website App \u2014 The power of communication UI\/UX Design Website \u2014 The future lifestyle platform. Branding Campaign \u2014 Provision of information Marketing Journal \u2014 Asset in business Commercial Book \u2014 Design of the year UI\/UX Design Strategic \u2014 Ways to level up [&hellip;]","og_url":"https:\/\/lynatek.com\/index.php\/portfolio\/","og_site_name":"Lynatek","article_modified_time":"2023-10-05T14:36:53+00:00","og_image":[{"url":"http:\/\/51.68.231.63\/wp-content\/uploads\/2022\/11\/p_1.png"}],"twitter_card":"summary_large_image","schema":{"@context":"https:\/\/schema.org","@graph":[{"@type":"WebPage","@id":"https:\/\/lynatek.com\/index.php\/portfolio\/","url":"https:\/\/lynatek.com\/index.php\/portfolio\/","name":"Portfolio - Lynatek","isPartOf":{"@id":"https:\/\/lynatek.com\/#website"},"primaryImageOfPage":{"@id":"https:\/\/lynatek.com\/index.php\/portfolio\/#primaryimage"},"image":{"@id":"https:\/\/lynatek.com\/index.php\/portfolio\/#primaryimage"},"thumbnailUrl":"http:\/\/51.68.231.63\/wp-content\/uploads\/2022\/11\/p_1.png","datePublished":"2022-12-11T08:15:05+00:00","dateModified":"2023-10-05T14:36:53+00:00","breadcrumb":{"@id":"https:\/\/lynatek.com\/index.php\/portfolio\/#breadcrumb"},"inLanguage":"fr-FR","potentialAction":[{"@type":"ReadAction","target":["https:\/\/lynatek.com\/index.php\/portfolio\/"]}]},{"@type":"ImageObject","inLanguage":"fr-FR","@id":"https:\/\/lynatek.com\/index.php\/portfolio\/#primaryimage","url":"http:\/\/51.68.231.63\/wp-content\/uploads\/2022\/11\/p_1.png","contentUrl":"http:\/\/51.68.231.63\/wp-content\/uploads\/2022\/11\/p_1.png"},{"@type":"BreadcrumbList","@id":"https:\/\/lynatek.com\/index.php\/portfolio\/#breadcrumb","itemListElement":[{"@type":"ListItem","position":1,"name":"Accueil","item":"https:\/\/lynatek.com\/"},{"@type":"ListItem","position":2,"name":"Portfolio"}]},{"@type":"WebSite","@id":"https:\/\/lynatek.com\/#website","url":"https:\/\/lynatek.com\/","name":"Lynatek","description":"","publisher":{"@id":"https:\/\/lynatek.com\/#organization"},"potentialAction":[{"@type":"SearchAction","target":{"@type":"EntryPoint","urlTemplate":"https:\/\/lynatek.com\/?s={search_term_string}"},"query-input":"required name=search_term_string"}],"inLanguage":"fr-FR"},{"@type":"Organization","@id":"https:\/\/lynatek.com\/#organization","name":"Lynatek","url":"https:\/\/lynatek.com\/","logo":{"@type":"ImageObject","inLanguage":"fr-FR","@id":"https:\/\/lynatek.com\/#\/schema\/logo\/image\/","url":"https:\/\/lynatek.com\/wp-content\/uploads\/2023\/10\/logo.png","contentUrl":"https:\/\/lynatek.com\/wp-content\/uploads\/2023\/10\/logo.png","width":459,"height":454,"caption":"Lynatek"},"image":{"@id":"https:\/\/lynatek.com\/#\/schema\/logo\/image\/"}}]}},"_links":{"self":[{"href":"https:\/\/lynatek.com\/index.php\/wp-json\/wp\/v2\/pages\/3234","targetHints":{"allow":["GET"]}}],"collection":[{"href":"https:\/\/lynatek.com\/index.php\/wp-json\/wp\/v2\/pages"}],"about":[{"href":"https:\/\/lynatek.com\/index.php\/wp-json\/wp\/v2\/types\/page"}],"author":[{"embeddable":true,"href":"https:\/\/lynatek.com\/index.php\/wp-json\/wp\/v2\/users\/1"}],"replies":[{"embeddable":true,"href":"https:\/\/lynatek.com\/index.php\/wp-json\/wp\/v2\/comments?post=3234"}],"version-history":[{"count":1,"href":"https:\/\/lynatek.com\/index.php\/wp-json\/wp\/v2\/pages\/3234\/revisions"}],"predecessor-version":[{"id":8795,"href":"https:\/\/lynatek.com\/index.php\/wp-json\/wp\/v2\/pages\/3234\/revisions\/8795"}],"wp:attachment":[{"href":"https:\/\/lynatek.com\/index.php\/wp-json\/wp\/v2\/media?parent=3234"}],"curies":[{"name":"wp","href":"https:\/\/api.w.org\/{rel}","templated":true}]}}